{"id":21,"date":"2024-01-12T23:40:44","date_gmt":"2024-01-12T22:40:44","guid":{"rendered":"https:\/\/sak.uber.space\/?page_id=21"},"modified":"2024-02-11T18:35:49","modified_gmt":"2024-02-11T17:35:49","slug":"ueber-uns","status":"publish","type":"page","link":"https:\/\/sak.uber.space\/?page_id=21","title":{"rendered":"\u00dcber uns"},"content":{"rendered":"\n<p>Herzlich willkommen!<\/p>\n\n\n\n<p>Die Sammlung Kosack ist eine Exkursion in die Geschichte, die selbst voller Geschichten steckt: Geschichten aus vergangenen Zeiten und Welten, von deren Spuren wir bis heute umgeben sind, und die uns ebenso faszinieren wie inspirieren.<\/p>\n\n\n\n<p>Dr. Wolfgang Kosack ist nicht nur auf seinen Fachgebieten \u00c4gyptologie, Koptologie und Orientalistik ein international bekannter und anerkannter Schriftgelehrter, sondern zudem ein leidenschaftlicher Sammler: Was alt, selten und sch\u00f6n ist, erregt seine Aufmerksamkeit.<\/p>\n\n\n\n<p>Ob er ein historisch wertvolles Buch beim Altpapierh\u00e4ndler zum Kilopreis erwirbt, ein mittelalterliches Kruzifix in einem Brennholzstapel findet, ob er auf einem Schutthaufen im Schlosspark Sanssouci Ofenkacheln findet, an denen sich Friedrich der Gro\u00dfe die H\u00e4nde gew\u00e4rmt hat: Er sp\u00fcrt Rarit\u00e4ten auf, wie ein Tr\u00fcffelschwein die begehrten Pilze.<\/p>\n\n\n\n<p>Seine ganze Wohnung ist ein Museum voller Exponate, teils sehr au\u00dfergew\u00f6hnlich, die dazu mit zahllosen charmanten, skurrilen und bisweilen v\u00f6llig unerwarteten Geschichten verkn\u00fcpft sind.<\/p>\n\n\n\n<p>Sein geschulter Blick und sein kunsthistorischer Wissensschatz lie\u00dfen ihn eine Sammlung aus mehreren Jahrtausenden Kulturgeschichte zusammentragen. Kernst\u00fcck seiner Sammlung ist die Bibliothek: W\u00e4hrend Studenten beim Anblick des in tausenden B\u00e4nden geballten Wissen f\u00f6rmlich erschlagen werden, geraten Professoren und Bibliothekare ins Schw\u00e4rmen.<\/p>\n\n\n\n<p>Die Sammlung Kosack ist Teil seines Lebenswerks, das zudem an die hundert eigene Publikationen umfasst. Es ist nicht nur eine Sammlung anekdotisch aneinandergereihter Exponate, sondern zugleich auch das Handwerkszeug seines umtriebigen Forschergeistes.<\/p>\n\n\n\n<p>Die Sammlung gleicht einem lebenden Organismus: Neue Sch\u00e4tze kommen hinzu; andere werden abgegeben \u208b sie waren die Nahrung eines vorher fertiggestellten Projekts, und d\u00fcngen danach  weitere Projekte, wie jetzt zum Beispiel mit dieser Online-Pr\u00e4sentation.<\/p>\n\n\n\n<p>Wir m\u00f6chten Sie mit dieser Webseite einladen, sich in der Sammlung Kosack auf Schatzsuche zu begeben. Es erwarten Sie Sch\u00e4tze der Kunstfertigkeiten unterschiedlichster Art und Epochen.<\/p>\n\n\n\n<p>Die Kategorie <a href=\"https:\/\/sak.uber.space\/?cat=3\" data-type=\"category\" data-id=\"3\">Stiftungen<\/a> stellt au\u00dferdem die in Museen und Bibliotheken zug\u00e4nglichen Teile der Sammlung vor.<\/p>\n","protected":false},"excerpt":{"rendered":"<p>Herzlich willkommen! Die Sammlung Kosack ist eine Exkursion in die Geschichte, die selbst voller Geschichten steckt: Geschichten aus vergangenen Zeiten&#8230;<\/p>\n","protected":false},"author":1,"featured_media":0,"parent":0,"menu_order":0,"comment_status":"closed","ping_status":"closed","template":"","meta":{"footnotes":""},"class_list":["post-21","page","type-page","status-publish","hentry"],"_links":{"self":[{"href":"https:\/\/sak.uber.space\/index.php?rest_route=\/wp\/v2\/pages\/21","targetHints":{"allow":["GET"]}}],"collection":[{"href":"https:\/\/sak.uber.space\/index.php?rest_route=\/wp\/v2\/pages"}],"about":[{"href":"https:\/\/sak.uber.space\/index.php?rest_route=\/wp\/v2\/types\/page"}],"author":[{"embeddable":true,"href":"https:\/\/sak.uber.space\/index.php?rest_route=\/wp\/v2\/users\/1"}],"replies":[{"embeddable":true,"href":"https:\/\/sak.uber.space\/index.php?rest_route=%2Fwp%2Fv2%2Fcomments&post=21"}],"version-history":[{"count":7,"href":"https:\/\/sak.uber.space\/index.php?rest_route=\/wp\/v2\/pages\/21\/revisions"}],"predecessor-version":[{"id":84,"href":"https:\/\/sak.uber.space\/index.php?rest_route=\/wp\/v2\/pages\/21\/revisions\/84"}],"wp:attachment":[{"href":"https:\/\/sak.uber.space\/index.php?rest_route=%2Fwp%2Fv2%2Fmedia&parent=21"}],"curies":[{"name":"wp","href":"https:\/\/api.w.org\/{rel}","templated":true}]}}